{"id":501608,"date":"2025-04-25T17:38:07","date_gmt":"2025-04-25T17:38:07","guid":{"rendered":"https:\/\/www.injurylawyerhouston.com\/informacion-para-nuevos-clientes\/"},"modified":"2026-01-12T15:08:56","modified_gmt":"2026-01-12T15:08:56","slug":"informacion-para-nuevos-clientes","status":"publish","type":"page","link":"https:\/\/www.injurylawyerhouston.com\/es\/informacion-para-nuevos-clientes\/","title":{"rendered":"Informaci\u00f3n para nuevos clientes"},"content":{"rendered":"\n<h3 class=\"wp-block-heading\">Avanzando Juntos.<\/h3>\n\n\n\n<p><strong>\u00a1Le Damos la Bienvenida y le Agradecemos por la Oportunidad de Ayudarle!<\/strong><\/p>\n\n\n\n<p>Toda nuestra oficina se dedica a asistir a nuestros nuevos clientes de la mejor manera posible y prometemos una atenci\u00f3n r\u00e1pida en cada aspecto de su caso. Sabemos que una buena comunicaci\u00f3n es clave para una relaci\u00f3n exitosa, por lo que trabajaremos juntos para que pueda centrarse en su recuperaci\u00f3n mientras nosotros manejamos el resto <\/p>\n\n\n\n<p>En su primera cita, conocer\u00e1 a nuestro personal y a su Administrador de Casos, quien ser\u00e1 su principal punto de contacto, y podr\u00e1 discutir su caso con un abogado. Tr\u00e1iganos toda la informaci\u00f3n necesaria para comenzar cuanto antes. <\/p>\n\n\n\n<p>Nos enfocaremos inicialmente en su atenci\u00f3n m\u00e9dica y en los detalles de su caso. Cualquier pregunta o inquietud puede ser tratada con su Administrador de Casos o Abogado. Durante la resoluci\u00f3n, nos comunicaremos con usted al menos una vez al mes para actualizarle sobre el progreso. No dude en plantear cualquier pregunta o preocupaci\u00f3n de inmediato; \u00a1no hay preguntas malas, excepto las que no se hacen!   <\/p>\n\n\n\n<p><strong>Mant\u00e9ngase en Contacto &#8211; Aqu\u00ed le indicamos c\u00f3mo puede comunicarse con nosotros para compartir informaci\u00f3n:<\/strong><\/p>\n\n\n\n<p>Hay muchas formas en las que podemos comunicarnos con usted acerca de su caso, as\u00ed que elija la que sea mejor para usted y mant\u00e9ngase en contacto con nosotros:<\/p>\n\n\n\n<ul class=\"wp-block-list\">\n<li>Ll\u00e1menos al <a href=\"tel:2816432000\">281-643-2000<\/a><\/li>\n\n\n\n<li>M\u00e1ndenos un mensaje de texto al <a href=\"tel:281-903-5886\">281-903-5886<\/a><\/li>\n\n\n\n<li>Env\u00edenos un correo electr\u00f3nico a <a href=\"mailto:Info@InjuryLawyerHouston.com\">Info@InjuryLawyerHouston.com<\/a> o directamente a su Administrador de Casos.<\/li>\n\n\n\n<li>Fax al 281-643-2010<\/li>\n\n\n\n<li>Visitas en persona \/ Reuniones por ZOOM \/ Conferencias telef\u00f3nicas deben ser programadas con cita previa, para hablar con su Abogado o Administrador de Casos, y estas reuniones pueden ser agendadas con cualquier persona de nuestra oficina.<\/li>\n<\/ul>\n\n\n\n<hr class=\"wp-block-separator has-text-color has-kb-palette-1-color has-alpha-channel-opacity has-kb-palette-1-background-color has-background is-style-wide\"\/>\n\n\n\n<h3 class=\"wp-block-heading\">Nuestros OBJETIVOS para usted:<\/h3>\n\n\n\n<ul class=\"wp-block-list\">\n<li>Obtener el tratamiento m\u00e9dico necesario para sus lesiones.<\/li>\n\n\n\n<li>Recopilar todo lo necesario para ganar su caso, incluyendo evidencias, testigos, expertos y el mejor asesor legal local para demostrar su caso y obtener el mejor resultado para usted.<\/li>\n\n\n\n<li>Manejar todas las comunicaciones con las aseguradoras en su nombre, para que pueda concentrarse en su recuperaci\u00f3n.<\/li>\n\n\n\n<li>Ayudarlo a completar las reparaciones de da\u00f1os en su veh\u00edculo.<\/li>\n\n\n\n<li>Utilizar a los mejores expertos legales y en litigios para demostrar su caso.<\/li>\n\n\n\n<li>Obtener la mejor compensaci\u00f3n financiera para usted, ya sea por acuerdo o en el juzgado.<\/li>\n<\/ul>\n\n\n\n<hr class=\"wp-block-separator has-text-color has-kb-palette-1-color has-alpha-channel-opacity has-kb-palette-1-background-color has-background is-style-wide\"\/>\n\n\n\n<h3 class=\"wp-block-heading\">Nuestros COMPROMISOS con usted:<\/h3>\n\n\n\n<ul class=\"wp-block-list\">\n<li>Lo escucharemos y trataremos de entender su situaci\u00f3n, para determinar juntos las mejores soluciones para avanzar.<\/li>\n\n\n\n<li>Le proporcionaremos actualizaciones r\u00e1pidas sobre toda la informaci\u00f3n importante relacionada con su caso.<\/li>\n\n\n\n<li>Explicaremos c\u00f3mo se aplica la ley a su caso y nos aseguraremos de que comprenda todas las opciones para que pueda tomar las mejores decisiones hacia adelante.<\/li>\n\n\n\n<li>Solo presentaremos una demanda cuando sea en su mejor inter\u00e9s, despu\u00e9s de discutir el asunto y obtener su aprobaci\u00f3n.<\/li>\n\n\n\n<li>En cuanto a los Gastos del Caso, seremos lo m\u00e1s financieramente responsables posible en nuestra representaci\u00f3n, dado que todos los litigios son muy costosos.<\/li>\n\n\n\n<li>Todas las preguntas, preocupaciones e problemas pueden ser abordados por nuestro equipo y abogados lo antes posible, en persona, por Zoom o por tel\u00e9fono.<\/li>\n<\/ul>\n\n\n\n<hr class=\"wp-block-separator has-text-color has-kb-palette-1-color has-alpha-channel-opacity has-kb-palette-1-background-color has-background is-style-wide\"\/>\n\n\n\n<h3 class=\"wp-block-heading\">Sus RESPONSABILIDADES:<\/h3>\n\n\n\n<p>Nuestro equipo est\u00e1 dedicado a trabajar arduamente para usted. Sin embargo, USTED tambi\u00e9n es parte del equipo, y todos los involucrados tienen el mismo objetivo: facilitar y maximizar su recuperaci\u00f3n. Pero necesitamos su ayuda, y necesitamos que siga estos pasos importantes:  <\/p>\n\n\n\n<ul class=\"wp-block-list\">\n<li>Cu\u00e9ntenos TODO: cuanta m\u00e1s informaci\u00f3n tengamos, mejor ser\u00e1 nuestro inicio hacia un resultado exitoso. Especialmente los hechos &#8220;malos&#8221; que podr\u00edan &#8220;perjudicar&#8221; su caso, necesitamos saber todo lo que haya que saber para hacer nuestro mejor esfuerzo. Desde el principio de su caso, se necesita &#8220;La Verdad, Toda la Verdad, y Nada m\u00e1s que la Verdad&#8221;.  <\/li>\n\n\n\n<li>Comparta toda la informaci\u00f3n relacionada con su caso que sea posible. Cuanta m\u00e1s informaci\u00f3n tengamos en su expediente, mejor. Proporcionarnos toda la informaci\u00f3n que necesitamos tan pronto como sea posible nos permite avanzar r\u00e1pidamente.  <\/li>\n\n\n\n<li>No hable ni proporcione informaci\u00f3n sobre su caso a nadie, excepto a nuestra oficina y a sus m\u00e9dicos. \u00a1ADVERTENCIA! &#8211; Demandados, empleadores, compa\u00f1\u00edas de seguros e investigadores a menudo no siguen las reglas y a menudo intentan aprovecharse de usted, as\u00ed que simplemente ind\u00edqueles que hablen con nosotros.  <\/li>\n\n\n\n<li>Mant\u00e9ngase en contacto con nuestro equipo. Una buena comunicaci\u00f3n es clave para una buena relaci\u00f3n de trabajo y un resultado exitoso de sus reclamaciones. P\u00f3ngase en contacto con nosotros al menos una vez al mes, para que sepamos c\u00f3mo est\u00e1 y para que entienda en qu\u00e9 estamos trabajando para usted.  <\/li>\n\n\n\n<li>Inf\u00f3rmenos de cualquier cambio en su vida, como un nuevo n\u00famero de tel\u00e9fono, direcci\u00f3n o cualquier ausencia prolongada, como vacaciones, emergencias familiares, etc.<\/li>\n\n\n\n<li>Retorne r\u00e1pidamente nuestras llamadas y env\u00ede cualquier documento adicional que se le solicite a medida que avance el caso.<\/li>\n\n\n\n<li>Asista a todas las citas m\u00e9dicas y a las referencias, ya que eso es clave para su recuperaci\u00f3n.<\/li>\n<\/ul>\n\n\n\n<hr class=\"wp-block-separator has-text-color has-kb-palette-1-color has-alpha-channel-opacity has-kb-palette-1-background-color has-background is-style-wide\"\/>\n\n\n\n<h3 class=\"wp-block-heading\">Priorizar Su Salud y Recuperaci\u00f3n Es Esencial<\/h3>\n\n\n\n<p>Creemos que la buena salud es m\u00e1s importante que el dinero, y aunque nuestro trabajo es obtener la mayor compensaci\u00f3n posible para usted, es m\u00e1s importante que usted se recupere y alcance la mejor recuperaci\u00f3n m\u00e9dica de sus lesiones, y cuanto antes, mejor.<\/p>\n\n\n\n<p>Un curso consistente de atenci\u00f3n m\u00e9dica lo llevar\u00e1 all\u00ed, y los registros de cada visita nos ayudar\u00e1n a demostrar su caso y documentar las lesiones tanto para los ajustadores como para los jurados. Es imposible demostrar una lesi\u00f3n significativa sin un curso documentado de atenci\u00f3n m\u00e9dica en los registros m\u00e9dicos. <\/p>\n\n\n\n<p>Generalmente, en las primeras semanas de nuestra representaci\u00f3n se logran las siguientes cosas:<\/p>\n\n\n\n<ul class=\"wp-block-list\">\n<li>Identificamos todas las coberturas de seguro y configuramos los reclamos.<\/li>\n\n\n\n<li>Confirmamos con los ajustadores de seguros que tienen una buena cobertura para su reclamo, los l\u00edmites del seguro y que aceptan la responsabilidad del reclamo.<\/li>\n\n\n\n<li>Abordamos y resolvemos cualquier da\u00f1o a la propiedad de los veh\u00edculos.<\/li>\n\n\n\n<li>Contactamos y entrevistamos testigos, aseguramos evidencias y contratamos expertos necesarios<\/li>\n\n\n\n<li>Proporcionamos referencias m\u00e9dicas, seg\u00fan sea necesario, para ayudarlo a localizar proveedores m\u00e9dicos de alta calidad y especialistas en su \u00e1rea que puedan tratar sus lesiones y participar en cualquier litigio necesario.<\/li>\n<\/ul>\n\n\n\n<p>Luego, el tratamiento m\u00e9dico consistente y continuo es lo m\u00e1s importante. Todas las decisiones m\u00e9dicas son entre usted y su m\u00e9dico, y no podemos darle consejos m\u00e9dicos ni recomendar ning\u00fan procedimiento m\u00e9dico; sin embargo, intentaremos facilitar el tratamiento que necesite y con el que se sienta c\u00f3modo. Todas las decisiones de tratamiento m\u00e9dico son suyas y nosotros apoyaremos sus decisiones.  <\/p>\n\n\n\n<p>Su tratamiento m\u00e9dico es la mejor evidencia para demostrar sus lesiones ante las compa\u00f1\u00edas de seguros, jueces y jurados. Si no acude al m\u00e9dico o es inconsistente con sus citas y tratamiento, se argumentar\u00e1 que no estaba realmente lesionado, limitando la cantidad de dinero que recupere. Las lagunas en las citas y el tratamiento demorado, incluso por una buena raz\u00f3n, se utilizar\u00e1n en su contra, por lo que completar un curso consistente de atenci\u00f3n m\u00e9dica es lo mejor para usted y su reclamo. Esta es la parte del reclamo que lleva m\u00e1s tiempo porque debe finalizar su tratamiento m\u00e9dico y luego nosotros debemos recibir todas las facturas y registros m\u00e9dicos de las consultas m\u00e9dicas para incluirlos en la demanda de liquidaci\u00f3n.   <\/p>\n\n\n\n<hr class=\"wp-block-separator has-text-color has-kb-palette-1-color has-alpha-channel-opacity has-kb-palette-1-background-color has-background is-style-wide\"\/>\n\n\n\n<h3 class=\"wp-block-heading\">Reparaciones del Autom\u00f3vil, Veh\u00edculos de Alquiler y Soluciones de Transporte<\/h3>\n\n\n\n<p>Despu\u00e9s de un accidente automovil\u00edstico, reparar su veh\u00edculo es crucial para cumplir con sus responsabilidades. Podemos ayudarle sin cobrar tarifas por reparaciones acordadas y el propietario decide d\u00f3nde se realizan. El taller ofrecer\u00e1 una garant\u00eda por su trabajo, as\u00ed que elija uno en el que conf\u00ede.  <\/p>\n\n\n\n<p>Dependiendo del seguro, puede haber autos de alquiler disponibles, aunque no siempre. Algunos talleres ofrecen veh\u00edculos de pr\u00e9stamo, y nuestra oficina puede proporcionar transporte para citas m\u00e9dicas y viajes en Uber mientras se realizan las reparaciones. Consulte con su administrador de casos sobre c\u00f3mo podemos ayudar con la reparaci\u00f3n de su veh\u00edculo y sus necesidades de transporte para que vuelva a la carretera lo antes posible..  <\/p>\n\n\n\n<hr class=\"wp-block-separator has-text-color has-kb-palette-1-color has-alpha-channel-opacity has-kb-palette-1-background-color has-background is-style-wide\"\/>\n\n\n\n<h3 class=\"wp-block-heading\">Resoluci\u00f3n de sus Reclamos &#8211; Qu\u00e9 esperar:<\/h3>\n\n\n\n<p>Una vez que est\u00e9 listo para resolver su reclamo, y tengamos todas sus facturas m\u00e9dicas y registros, junto con cualquier documentaci\u00f3n de p\u00e9rdida de salarios, prepararemos y enviaremos un paquete de liquidaci\u00f3n a las compa\u00f1\u00edas de seguros, explicando por qu\u00e9 deber\u00edan resolver el reclamo y documentando todas las consecuencias sufridas por las cuales puede ser compensado bajo la ley. Revisaremos esto con usted antes de enviarlo al ajustador, para asegurarnos de que sea completo y preciso. Queremos que sea un relato completo y comprensivo para el ajustador, y esperamos una respuesta y una oferta inicial de liquidaci\u00f3n del ajustador dentro de los 30 d\u00edas posteriores al env\u00edo.  <\/p>\n\n\n\n<p>Se le notificar\u00e1 de cualquier oferta, y negociaremos con ese ajustador hasta que hagan su mejor oferta para usted.<\/p>\n\n\n\n<p>La decisi\u00f3n de aceptar la &#8220;mejor&#8221; oferta y resolver, o no, es SU decisi\u00f3n. NUESTRO trabajo es obtener la mejor oferta posible del ajustador y explicarle qu\u00e9 significa para usted si la acepta. <\/p>\n\n\n\n<hr class=\"wp-block-separator has-text-color has-kb-palette-1-color has-alpha-channel-opacity has-kb-palette-1-background-color has-background is-style-wide\"\/>\n\n\n\n<h3 class=\"wp-block-heading\">Las Realidades de los Reclamos por Lesiones y las Compa\u00f1\u00edas de Seguros \u2013 Cosas que DEBE saber:<\/h3>\n\n\n\n<p>Las compa\u00f1\u00edas de seguros no est\u00e1n obligadas a actuar en su mejor inter\u00e9s y no tienen plazos ni deberes hacia usted mientras su reclamo est\u00e9 pendiente en Texas. Pueden mentirle y tratar de perjudicar su caso. Por eso, nunca hable directamente con ellas; siempre rem\u00edtalas a nuestra oficina.  <\/p>\n\n\n\n<h3 class=\"wp-block-heading\">Nunca puede confiar en la compa\u00f1\u00eda de seguros del demandado, NUNCA. De hecho, deber\u00eda asumir que est\u00e1n haciendo todo lo posible para no pagarle nada, incluyendo: <\/h3>\n\n\n\n<ul class=\"wp-block-list\">\n<li>Acech\u00e1ndolo con c\u00e1maras de video ocultas haciendo cosas que son inconsistentes con cualquier lesi\u00f3n.<\/li>\n\n\n\n<li>Acech\u00e1ndolo en l\u00ednea en redes sociales para encontrar cualquier cosa que puedan usar en su contra.<\/li>\n\n\n\n<li>Enga\u00f1\u00e1ndolo para hablar con un investigador privado para obtener informaci\u00f3n que puedan usar en su contra.<\/li>\n<\/ul>\n\n\n\n<p>Lo \u00fanico que las compa\u00f1\u00edas de seguros est\u00e1n obligadas a hacer es proporcionar un abogado defensor una vez que se presenta una demanda, y pagar cualquier sentencia despu\u00e9s de un juicio, dentro de los l\u00edmites de su p\u00f3liza. Sin embargo, la mayor\u00eda de las compa\u00f1\u00edas de seguros S\u00cd quieren resolver reclamos sin litigarlos, para evitar pagar abogados defensores y costos de litigio, pero quieren pagar la menor cantidad de dinero posible en la liquidaci\u00f3n. <\/p>\n\n\n\n<p>Dado que todas las liquidaciones implican un pago \u00daNICO, a cambio de que usted firme un liberaci\u00f3n completa y final de todos los reclamos, nunca firme nada a menos que su abogado lo haya revisado, lo haya aprobado y se lo haya explicado completamente. La MEJOR manera de resolver un reclamo por lesiones es cuando el cliente acepta una propuesta de liquidaci\u00f3n, sabiendo exactamente lo que significa para ellos, para que el cliente decida el resultado del caso. <\/p>\n\n\n<style>.wp-block-kadence-advancedheading.kt-adv-heading501608_619c4b-38, .wp-block-kadence-advancedheading.kt-adv-heading501608_619c4b-38[data-kb-block=\"kb-adv-heading501608_619c4b-38\"]{font-style:normal;}.wp-block-kadence-advancedheading.kt-adv-heading501608_619c4b-38 mark.kt-highlight, .wp-block-kadence-advancedheading.kt-adv-heading501608_619c4b-38[data-kb-block=\"kb-adv-heading501608_619c4b-38\"] mark.kt-highlight{font-style:normal;color:#f76a0c;-webkit-box-decoration-break:clone;box-decoration-break:clone;padding-top:0px;padding-right:0px;padding-bottom:0px;padding-left:0px;}.wp-block-kadence-advancedheading.kt-adv-heading501608_619c4b-38 img.kb-inline-image, .wp-block-kadence-advancedheading.kt-adv-heading501608_619c4b-38[data-kb-block=\"kb-adv-heading501608_619c4b-38\"] img.kb-inline-image{width:150px;vertical-align:baseline;}<\/style>\n<p class=\"kt-adv-heading501608_619c4b-38 wp-block-kadence-advancedheading\" data-kb-block=\"kb-adv-heading501608_619c4b-38\"><strong>Gracias por confiar en nosotros para representarle a usted y a su familia<\/strong>.<\/p>\n","protected":false},"excerpt":{"rendered":"<p>Avanzando Juntos. \u00a1Le Damos la Bienvenida y le Agradecemos por la Oportunidad de Ayudarle! Toda nuestra oficina se dedica a asistir a nuestros nuevos clientes de la mejor manera posible y prometemos una atenci\u00f3n r\u00e1pida en cada aspecto de su caso. Sabemos que una buena comunicaci\u00f3n es clave para una relaci\u00f3n exitosa, por lo que&#8230;<\/p>\n","protected":false},"author":1,"featured_media":501609,"parent":0,"menu_order":0,"comment_status":"closed","ping_status":"closed","template":"","meta":{"_acf_changed":false,"inline_featured_image":false,"_kad_blocks_custom_css":"","_kad_blocks_head_custom_js":"","_kad_blocks_body_custom_js":"","_kad_blocks_footer_custom_js":"","_kad_post_transparent":"","_kad_post_title":"","_kad_post_layout":"","_kad_post_sidebar_id":"","_kad_post_content_style":"","_kad_post_vertical_padding":"","_kad_post_feature":"","_kad_post_feature_position":"","_kad_post_header":false,"_kad_post_footer":false,"_kad_post_classname":"","footnotes":""},"class_list":["post-501608","page","type-page","status-publish","has-post-thumbnail","hentry"],"acf":[],"taxonomy_info":[],"featured_image_src_large":["https:\/\/www.injurylawyerhouston.com\/wp-content\/uploads\/2025\/05\/two-professionals-discussing-a-contract-at-a-business-meeting-with-documents-and-a-laptop.-7731402-scaled-1024x676.jpg",1024,676,true],"author_info":{"display_name":"Shane R. Kadlec","author_link":"https:\/\/www.injurylawyerhouston.com\/es\/author\/operationslmg\/"},"comment_info":0,"_links":{"self":[{"href":"https:\/\/www.injurylawyerhouston.com\/es\/wp-json\/wp\/v2\/pages\/501608","targetHints":{"allow":["GET"]}}],"collection":[{"href":"https:\/\/www.injurylawyerhouston.com\/es\/wp-json\/wp\/v2\/pages"}],"about":[{"href":"https:\/\/www.injurylawyerhouston.com\/es\/wp-json\/wp\/v2\/types\/page"}],"author":[{"embeddable":true,"href":"https:\/\/www.injurylawyerhouston.com\/es\/wp-json\/wp\/v2\/users\/1"}],"replies":[{"embeddable":true,"href":"https:\/\/www.injurylawyerhouston.com\/es\/wp-json\/wp\/v2\/comments?post=501608"}],"version-history":[{"count":4,"href":"https:\/\/www.injurylawyerhouston.com\/es\/wp-json\/wp\/v2\/pages\/501608\/revisions"}],"predecessor-version":[{"id":501864,"href":"https:\/\/www.injurylawyerhouston.com\/es\/wp-json\/wp\/v2\/pages\/501608\/revisions\/501864"}],"wp:featuredmedia":[{"embeddable":true,"href":"https:\/\/www.injurylawyerhouston.com\/es\/wp-json\/wp\/v2\/media\/501609"}],"wp:attachment":[{"href":"https:\/\/www.injurylawyerhouston.com\/es\/wp-json\/wp\/v2\/media?parent=501608"}],"curies":[{"name":"wp","href":"https:\/\/api.w.org\/{rel}","templated":true}]}}