{"id":501614,"date":"2025-04-25T16:59:16","date_gmt":"2025-04-25T16:59:16","guid":{"rendered":"https:\/\/www.injurylawyerhouston.com\/informacion-para-nuevos-clientes-2\/"},"modified":"2026-01-12T15:09:02","modified_gmt":"2026-01-12T15:09:02","slug":"informacion-para-nuevos-clientes-2","status":"publish","type":"page","link":"https:\/\/www.injurylawyerhouston.com\/es\/informacion-para-nuevos-clientes-2\/","title":{"rendered":"Informaci\u00f3n para nuevos clientes"},"content":{"rendered":"\n<h3 class=\"wp-block-heading\">Avanzando, juntos.<\/h3>\n\n\n\n<p><strong>\u00a1Le damos la bienvenida y le agradecemos la oportunidad de ayudarlo!<\/strong><\/p>\n\n\n\n<p>Toda nuestra oficina se esfuerza por hacer todo lo posible para ayudar a nuestros nuevos clientes de todas las formas posibles, y prometemos tratar de brindar atenci\u00f3n r\u00e1pida a todos y cada uno de los aspectos de su caso. Sabemos que una buena comunicaci\u00f3n es la base de una relaci\u00f3n exitosa entre abogado y cliente, y trabajaremos junto con usted como equipo, para que pueda concentrarse en su recuperaci\u00f3n y la familia mientras nosotros nos encargamos del resto. <\/p>\n\n\n\n<p>En su primera cita con nosotros, se le presentar\u00e1 a nuestro personal, incluido su administrador de casos, quien ser\u00e1 su principal punto de contacto y tendr\u00e1 la oportunidad de discutir su caso a fondo con un abogado. Tr\u00e1iganos la mayor cantidad de informaci\u00f3n posible, lo antes posible, para ayudarnos a comenzar. <\/p>\n\n\n\n<p>Su atenci\u00f3n m\u00e9dica y los detalles de su caso ser\u00e1n el enfoque inicial al principio, y cualquier pregunta, inquietud u otro problema puede abordarse con su administrador de casos o abogado. Hasta que se resuelva su caso, debemos comunicarnos con usted al menos una vez al mes, para saber c\u00f3mo le est\u00e1 yendo y lo que estamos logrando para usted a medida que avanza el caso. <\/p>\n\n\n\n<p>Cualquier pregunta o inquietud que tenga debe discutirse de inmediato lo antes posible, ya sea con su administrador de casos o su abogado. No hay malas preguntas, \u00a1excepto las que no se hacen! <\/p>\n\n\n\n<p><strong>\u00a1Mant\u00e9ngase en contacto! \u2013 As\u00ed es como se puede contactar con nosotros para compartir informaci\u00f3n con nosotros: <\/strong><\/p>\n\n\n\n<p>Hay muchas maneras de comunicarnos con usted sobre su caso, as\u00ed que elija lo que sea mejor para usted y mant\u00e9ngase en contacto con nosotros;<\/p>\n\n\n\n<ul class=\"wp-block-list\">\n<li>Ll\u00e1menos al <a href=\"tel:2816432000\">281-643-2000<\/a><\/li>\n\n\n\n<li>Env\u00edenos un mensaje de texto al <a href=\"tel:281-903-5886\">281-903-5886<\/a><\/li>\n\n\n\n<li>Env\u00ede un correo electr\u00f3nico <a href=\"mailto:Info@InjuryLawyerHouston.com\">a Info@InjuryLawyerHouston.com<\/a> o a su administrador de casos directamente.<\/li>\n\n\n\n<li>Env\u00edenos un fax al 281-643-2010<\/li>\n\n\n\n<li>Las visitas al consultorio en persona \/ reuniones de ZOOM \/ conferencias telef\u00f3nicas deben programarse con cita previa, con anticipaci\u00f3n, ya sea para hablar con su abogado o administrador de casos, y estas reuniones se pueden programar con cualquier persona en nuestra oficina.<\/li>\n<\/ul>\n\n\n\n<figure class=\"wp-block-embed is-type-video is-provider-youtube wp-block-embed-youtube wp-embed-aspect-16-9 wp-has-aspect-ratio\"><div class=\"wp-block-embed__wrapper\">\n<iframe loading=\"lazy\" title=\"Mistakes To Avoid After a Car Accident \u2013 Know Your Legal Rights - Shane Kadlec Law Office\" width=\"720\" height=\"405\" src=\"https:\/\/www.youtube.com\/embed\/0c-OWtffJMU?feature=oembed\" frameborder=\"0\" allow=\"accelerometer; autoplay; clipboard-write; encrypted-media; gyroscope; picture-in-picture; web-share\" referrerpolicy=\"strict-origin-when-cross-origin\" allowfullscreen><\/iframe>\n<\/div><\/figure>\n\n\n\n<hr class=\"wp-block-separator has-text-color has-kb-palette-1-color has-alpha-channel-opacity has-kb-palette-1-background-color has-background is-style-wide\"\/>\n\n\n\n<h3 class=\"wp-block-heading\">Nuestros OBJETIVOS para usted:<\/h3>\n\n\n\n<ul class=\"wp-block-list\">\n<li>Conseguirle el tratamiento m\u00e9dico y la atenci\u00f3n necesarios para sus lesiones.<\/li>\n\n\n\n<li>Recopilando todo lo necesario para ganar su caso, incluidas todas las pruebas, testigos, expertos y el mejor abogado local para probar su caso y obtener el mejor resultado para usted.<\/li>\n\n\n\n<li>Manejar todas las comunicaciones del seguro en su nombre, para que pueda concentrarse en su recuperaci\u00f3n.<\/li>\n\n\n\n<li>Ayudarlo a completar las reparaciones de da\u00f1os en su veh\u00edculo.<\/li>\n\n\n\n<li>Aprovechando a los mejores expertos legales y de litigios para probar su caso.<\/li>\n\n\n\n<li>Obtener la mejor recuperaci\u00f3n financiera para usted, mediante un acuerdo o en el juzgado.<\/li>\n<\/ul>\n\n\n\n<hr class=\"wp-block-separator has-text-color has-kb-palette-1-color has-alpha-channel-opacity has-kb-palette-1-background-color has-background is-style-wide\"\/>\n\n\n\n<h3 class=\"wp-block-heading\">Nuestros COMPROMISOS contigo:<\/h3>\n\n\n\n<ul class=\"wp-block-list\">\n<li>Lo escucharemos y trataremos de comprender su situaci\u00f3n, para que juntos podamos determinar las mejores soluciones en el futuro.<\/li>\n\n\n\n<li>Le proporcionaremos actualizaciones r\u00e1pidas para toda la informaci\u00f3n importante relacionada con su caso.<\/li>\n\n\n\n<li>Le explicaremos c\u00f3mo se aplica la ley a su caso y nos aseguraremos de que comprenda todas las opciones para que pueda tomar las mejores decisiones en el futuro.<\/li>\n\n\n\n<li>Solo presentaremos una demanda cuando sea lo mejor para usted, despu\u00e9s de discutir el asunto y obtener su aprobaci\u00f3n.<\/li>\n\n\n\n<li>En cuanto a los gastos de su caso, seremos lo m\u00e1s responsables financieramente posible en nuestra representaci\u00f3n, ya que todas las demandas son muy costosas.<\/li>\n\n\n\n<li>Nuestro equipo y abogados pueden abordar todas las preguntas, inquietudes y problemas lo antes posible, en persona, a trav\u00e9s de Zoom o por tel\u00e9fono.<\/li>\n<\/ul>\n\n\n\n<hr class=\"wp-block-separator has-text-color has-kb-palette-1-color has-alpha-channel-opacity has-kb-palette-1-background-color has-background is-style-wide\"\/>\n\n\n\n<h3 class=\"wp-block-heading\">Sus RESPONSABILIDADES:<\/h3>\n\n\n\n<p>Todo nuestro equipo est\u00e1 dedicado a trabajar duro para usted. Sin embargo, USTED tambi\u00e9n es parte del equipo, y todos los involucrados tienen el mismo objetivo, facilitar y maximizar su recuperaci\u00f3n. Pero necesitamos su ayuda y necesitamos que siga estos pasos importantes:  <\/p>\n\n\n\n<ul class=\"wp-block-list\">\n<li>Cu\u00e9ntanos TODO: cuanta m\u00e1s informaci\u00f3n tengamos, mejor comenzaremos a tener un resultado exitoso. Especialmente los hechos &#8220;malos&#8221; que podr\u00edan &#8220;da\u00f1ar&#8221; su caso, necesitamos saber todo lo que hay que saber para hacer nuestro mejor esfuerzo. &#8220;La verdad, toda la verdad y nada m\u00e1s que la verdad&#8221; es necesaria desde el comienzo de su caso.  <\/li>\n\n\n\n<li>Comparta con nosotros tanta informaci\u00f3n relacionada con su caso como sea posible. Cuanta m\u00e1s informaci\u00f3n tengamos en tu expediente, mejor. Proporcionarnos toda la informaci\u00f3n que necesitamos lo antes posible nos permite movernos r\u00e1pidamente.  <\/li>\n\n\n\n<li>No hable ni brinde informaci\u00f3n sobre su caso a nadie, excepto a nuestra oficina y a sus m\u00e9dicos. \u00a1ADVERTENCIA! &#8211; Se sabe que los demandados, empleadores, compa\u00f1\u00edas de seguros e investigadores no siguen las reglas y, a menudo, tratan de aprovecharse de usted, as\u00ed que ind\u00edqueles que hablen con nosotros.  <\/li>\n\n\n\n<li>Mant\u00e9ngase en contacto con nuestro equipo. Una buena comunicaci\u00f3n es clave para una buena relaci\u00f3n de trabajo y un resultado exitoso de sus reclamos. P\u00f3ngase en contacto con nosotros al menos una vez al mes, para que sepamos c\u00f3mo le est\u00e1 yendo y para que comprenda en qu\u00e9 estamos trabajando para usted.  <\/li>\n\n\n\n<li>Notif\u00edquenos de cualquier cambio en su vida, como un nuevo n\u00famero de tel\u00e9fono, direcci\u00f3n o ausencias prolongadas, como vacaciones, emergencias familiares, etc.<\/li>\n\n\n\n<li>Devuelva nuestras llamadas de inmediato y env\u00ede cualquier documento adicional que se solicite a medida que avanza el caso.<\/li>\n\n\n\n<li>Mant\u00e9ngase al d\u00eda con todas las citas m\u00e9dicas y referencias, ya que eso es clave para su recuperaci\u00f3n.<\/li>\n<\/ul>\n\n\n\n<hr class=\"wp-block-separator has-text-color has-kb-palette-1-color has-alpha-channel-opacity has-kb-palette-1-background-color has-background is-style-wide\"\/>\n\n\n\n<h3 class=\"wp-block-heading\">Priorizar su salud y recuperaci\u00f3n es esencial<\/h3>\n\n\n\n<p>Creemos que la buena salud es m\u00e1s importante que el dinero, y si bien es nuestro trabajo obtener la mayor cantidad de dinero posible para usted, es m\u00e1s importante que mejore y alcance la mejor recuperaci\u00f3n m\u00e9dica de sus lesiones, y cuanto antes mejor. Un curso constante de atenci\u00f3n m\u00e9dica lo lleva all\u00ed, y los registros de cada visita nos ayudan a probar su caso y documentar las lesiones tanto para los ajustadores como para los miembros del jurado. Es imposible probar una lesi\u00f3n significativa sin un curso documentado de atenci\u00f3n m\u00e9dica en los registros m\u00e9dicos. Generalmente, las siguientes cosas se logran en las primeras semanas de nuestra representaci\u00f3n:   <\/p>\n\n\n\n<ul class=\"wp-block-list\">\n<li>Localice toda la cobertura de seguro y configure los reclamos.<\/li>\n\n\n\n<li>Confirme con los ajustadores de seguros que tienen una buena cobertura para su reclamo, los l\u00edmites del seguro y que aceptan la responsabilidad del reclamo.<\/li>\n\n\n\n<li>Abordar y resolver cualquier da\u00f1o a la propiedad de los veh\u00edculos.<\/li>\n\n\n\n<li>Contacte y entreviste a testigos, obtenga pruebas y contrate a los expertos necesarios.<\/li>\n\n\n\n<li>Proporcione referencias m\u00e9dicas, seg\u00fan sea necesario, para ayudarlo a localizar proveedores m\u00e9dicos y especialistas de alta calidad en su \u00e1rea que tratar\u00e1n sus lesiones y participar\u00e1n en cualquier litigio necesario.<\/li>\n<\/ul>\n\n\n\n<p>Entonces, lo m\u00e1s importante es un tratamiento m\u00e9dico continuo y constante. Todas las decisiones m\u00e9dicas son entre usted y su m\u00e9dico, y no podemos brindarle ning\u00fan consejo m\u00e9dico ni recomendar ning\u00fan procedimiento m\u00e9dico, sin embargo, intentaremos ayudarlo a facilitar el tratamiento que necesita y con el que se siente c\u00f3modo. Todas las decisiones de tratamiento m\u00e9dico son suyas y apoyaremos sus decisiones.  <\/p>\n\n\n\n<p>Su tratamiento m\u00e9dico es la mejor evidencia de c\u00f3mo podremos probar sus lesiones a las compa\u00f1\u00edas de seguros, jueces y jurados. Si no va al m\u00e9dico o es inconsistente con sus citas y tratamiento, se argumentar\u00e1 que no se lesion\u00f3 realmente, lo que limita la cantidad de dinero que recupera. Las brechas en las citas y el retraso en el tratamiento, incluso por una buena raz\u00f3n, se utilizar\u00e1n en su contra, por lo que completar un curso constante de atenci\u00f3n m\u00e9dica es lo mejor para usted y su reclamo. Esta es la parte del reclamo que lleva m\u00e1s tiempo porque debe terminar su tratamiento m\u00e9dico, luego debemos recibir todas las facturas y registros m\u00e9dicos de los consultorios m\u00e9dicos para incluirlos en la demanda de liquidaci\u00f3n.   <\/p>\n\n\n\n<hr class=\"wp-block-separator has-text-color has-kb-palette-1-color has-alpha-channel-opacity has-kb-palette-1-background-color has-background is-style-wide\"\/>\n\n\n\n<h3 class=\"wp-block-heading\">Reparaci\u00f3n de autom\u00f3viles, alquiler de veh\u00edculos y soluciones de transporte<\/h3>\n\n\n\n<p>Despu\u00e9s de un accidente automovil\u00edstico, reparar su veh\u00edculo es una prioridad, para que pueda mantenerse al d\u00eda con sus responsabilidades en el hogar y el trabajo. Podemos ayudar y no cobramos honorarios por las reparaciones acordadas. El propietario decide d\u00f3nde se realizan las reparaciones y el taller proporcionar\u00e1 una garant\u00eda por su trabajo, por lo que es importante elegir un lugar en el que conf\u00ede.  <\/p>\n\n\n\n<p>Dependiendo del seguro involucrado, se pueden proporcionar autos de alquiler, pero no siempre, y algunos talleres de reparaci\u00f3n tienen pr\u00e9stamos. Alternativamente, nuestra oficina puede proporcionar transporte para citas m\u00e9dicas y viajes en Uber para los clientes mientras se realizan sus reparaciones. Hable con su administrador de casos sobre c\u00f3mo podemos ayudarlo con la reparaci\u00f3n de su veh\u00edculo y abordar sus necesidades de transporte, para que pueda volver a la carretera lo m\u00e1s r\u00e1pido posible.  <\/p>\n\n\n\n<hr class=\"wp-block-separator has-text-color has-kb-palette-1-color has-alpha-channel-opacity has-kb-palette-1-background-color has-background is-style-wide\"\/>\n\n\n\n<h3 class=\"wp-block-heading\">Resoluci\u00f3n de sus reclamos: qu\u00e9 esperar:<\/h3>\n\n\n\n<p>Una vez que est\u00e9 listo para resolver su reclamo, y tengamos todas sus facturas y registros m\u00e9dicos, junto con cualquier documentaci\u00f3n de salarios perdidos, prepararemos y enviaremos un paquete de liquidaci\u00f3n a las compa\u00f1\u00edas de seguros, que explique por qu\u00e9 deben resolver el reclamo y documente todas las consecuencias sufridas por las que puede ser compensado seg\u00fan la ley. Revisaremos esto con usted antes de enviarlo al ajustador, para asegurarnos de que est\u00e9 completo y sea preciso. <\/p>\n\n\n\n<p>Queremos que esta sea una cuenta completa y exhaustiva para el ajustador, y esperamos una respuesta y una oferta de liquidaci\u00f3n inicial del ajustador dentro de los 30 d\u00edas posteriores al env\u00edo. Se le notificar\u00e1 de cualquier oferta y negociaremos con ese ajustador hasta que le haya hecho su &#8220;mejor&#8221; oferta. La decisi\u00f3n de conformarse y aceptar la &#8220;mejor&#8221; oferta, o no, es SU decisi\u00f3n. NUESTRO trabajo es obtener la mejor oferta que podamos del ajustador y explicarle lo que significa para usted si es aceptada.   <\/p>\n\n\n\n<hr class=\"wp-block-separator has-text-color has-kb-palette-1-color has-alpha-channel-opacity has-kb-palette-1-background-color has-background is-style-wide\"\/>\n\n\n\n<h3 class=\"wp-block-heading\">Las realidades de las reclamaciones por lesiones y las compa\u00f1\u00edas de seguros: \u00a1cosas que DEBE saber!<\/h3>\n\n\n\n<p>Las compa\u00f1\u00edas de seguros no est\u00e1n en el negocio de hacer lo que es mejor para USTED, y no tienen plazos, obligaciones u otros deberes para con usted, si tiene un reclamo contra su demandado asegurado. Eso significa que en Texas no tienen que hacer nada por usted mientras su reclamo est\u00e9 pendiente, incluido actuar de buena fe o incluso responder a llamadas y cartas. De hecho, no hay nada que les proh\u00edba mentirle a usted (\u00a1o incluso a nosotros!) y hacer todo lo posible para derrotar o disminuir el valor de su reclamo. Cualquier informaci\u00f3n que las compa\u00f1\u00edas de seguros puedan obtener, intentar\u00e1n usarla en su contra, as\u00ed que nunca hable con las compa\u00f1\u00edas de seguros y siempre refi\u00e9ralas a nuestra oficina.   <\/p>\n\n\n\n<h3 class=\"wp-block-heading\">Nunca puede confiar en la compa\u00f1\u00eda de seguros del demandado, NUNCA. De hecho, debe asumir que est\u00e1n haciendo todo lo posible para no pagarle nada, incluyendo: <\/h3>\n\n\n\n<ul class=\"wp-block-list\">\n<li>Acecharlo con c\u00e1maras de video ocultas haciendo cosas que son inconsistentes con cualquier lesi\u00f3n.<\/li>\n\n\n\n<li>Acosarte en l\u00ednea en las redes sociales por cualquier cosa que puedan usar en tu contra.<\/li>\n\n\n\n<li>Enga\u00f1arlo para que hable con un investigador privado para obtener informaci\u00f3n para usar en su contra.<\/li>\n<\/ul>\n\n\n\n<p>Lo \u00fanico que las compa\u00f1\u00edas de seguros deben hacer es proporcionar un abogado defensor una vez que se presenta una demanda y pagar cualquier sentencia despu\u00e9s de un juicio, dentro del l\u00edmite de su p\u00f3liza. Sin embargo, la mayor\u00eda de las compa\u00f1\u00edas de seguros S\u00cd quieren resolver reclamos sin que se litiguen, para evitar pagar abogados defensores y costos de litigio, pero quieren pagar la menor cantidad de dinero posible para el acuerdo. Como todos los acuerdos implican un pago \u00daNICO, a cambio de que usted firme una liberaci\u00f3n completa y final de todos los reclamos, nunca firme nada, a menos que su abogado lo haya revisado, aprobado y explicado completamente. La MEJOR manera de resolver un reclamo por lesiones es cuando el cliente acepta una propuesta de acuerdo, sabiendo exactamente lo que significa para ellos, para que el cliente decida el resultado del caso.   <\/p>\n\n\n<style>.wp-block-kadence-advancedheading.kt-adv-heading501614_27349a-60, .wp-block-kadence-advancedheading.kt-adv-heading501614_27349a-60[data-kb-block=\"kb-adv-heading501614_27349a-60\"]{font-style:normal;}.wp-block-kadence-advancedheading.kt-adv-heading501614_27349a-60 mark.kt-highlight, .wp-block-kadence-advancedheading.kt-adv-heading501614_27349a-60[data-kb-block=\"kb-adv-heading501614_27349a-60\"] mark.kt-highlight{font-style:normal;color:#f76a0c;-webkit-box-decoration-break:clone;box-decoration-break:clone;padding-top:0px;padding-right:0px;padding-bottom:0px;padding-left:0px;}.wp-block-kadence-advancedheading.kt-adv-heading501614_27349a-60 img.kb-inline-image, .wp-block-kadence-advancedheading.kt-adv-heading501614_27349a-60[data-kb-block=\"kb-adv-heading501614_27349a-60\"] img.kb-inline-image{width:150px;vertical-align:baseline;}<\/style>\n<p class=\"kt-adv-heading501614_27349a-60 wp-block-kadence-advancedheading\" data-kb-block=\"kb-adv-heading501614_27349a-60\"><strong>Gracias por su confianza al permitirnos representarlo a usted y a su familia.<\/strong><\/p>\n","protected":false},"excerpt":{"rendered":"<p>Avanzando, juntos. \u00a1Le damos la bienvenida y le agradecemos la oportunidad de ayudarlo! Toda nuestra oficina se esfuerza por hacer todo lo posible para ayudar a nuestros nuevos clientes de todas las formas posibles, y prometemos tratar de brindar atenci\u00f3n r\u00e1pida a todos y cada uno de los aspectos de su caso. Sabemos que una&#8230;<\/p>\n","protected":false},"author":1,"featured_media":501609,"parent":0,"menu_order":0,"comment_status":"closed","ping_status":"closed","template":"","meta":{"_acf_changed":false,"inline_featured_image":false,"_kad_blocks_custom_css":"","_kad_blocks_head_custom_js":"","_kad_blocks_body_custom_js":"","_kad_blocks_footer_custom_js":"","_kad_post_transparent":"","_kad_post_title":"","_kad_post_layout":"","_kad_post_sidebar_id":"","_kad_post_content_style":"","_kad_post_vertical_padding":"","_kad_post_feature":"","_kad_post_feature_position":"","_kad_post_header":false,"_kad_post_footer":false,"_kad_post_classname":"","footnotes":""},"class_list":["post-501614","page","type-page","status-publish","has-post-thumbnail","hentry"],"acf":[],"taxonomy_info":[],"featured_image_src_large":["https:\/\/www.injurylawyerhouston.com\/wp-content\/uploads\/2025\/05\/two-professionals-discussing-a-contract-at-a-business-meeting-with-documents-and-a-laptop.-7731402-scaled-1024x676.jpg",1024,676,true],"author_info":{"display_name":"Shane R. Kadlec","author_link":"https:\/\/www.injurylawyerhouston.com\/es\/author\/operationslmg\/"},"comment_info":0,"_links":{"self":[{"href":"https:\/\/www.injurylawyerhouston.com\/es\/wp-json\/wp\/v2\/pages\/501614","targetHints":{"allow":["GET"]}}],"collection":[{"href":"https:\/\/www.injurylawyerhouston.com\/es\/wp-json\/wp\/v2\/pages"}],"about":[{"href":"https:\/\/www.injurylawyerhouston.com\/es\/wp-json\/wp\/v2\/types\/page"}],"author":[{"embeddable":true,"href":"https:\/\/www.injurylawyerhouston.com\/es\/wp-json\/wp\/v2\/users\/1"}],"replies":[{"embeddable":true,"href":"https:\/\/www.injurylawyerhouston.com\/es\/wp-json\/wp\/v2\/comments?post=501614"}],"version-history":[{"count":2,"href":"https:\/\/www.injurylawyerhouston.com\/es\/wp-json\/wp\/v2\/pages\/501614\/revisions"}],"predecessor-version":[{"id":501865,"href":"https:\/\/www.injurylawyerhouston.com\/es\/wp-json\/wp\/v2\/pages\/501614\/revisions\/501865"}],"wp:featuredmedia":[{"embeddable":true,"href":"https:\/\/www.injurylawyerhouston.com\/es\/wp-json\/wp\/v2\/media\/501609"}],"wp:attachment":[{"href":"https:\/\/www.injurylawyerhouston.com\/es\/wp-json\/wp\/v2\/media?parent=501614"}],"curies":[{"name":"wp","href":"https:\/\/api.w.org\/{rel}","templated":true}]}}